{"id":6,"date":"2020-09-09T23:13:56","date_gmt":"2020-09-09T23:13:56","guid":{"rendered":"https:\/\/tulokas.devnettisivu.net\/?page_id=6"},"modified":"2023-03-29T14:34:05","modified_gmt":"2023-03-29T14:34:05","slug":"sivusto","status":"publish","type":"page","link":"https:\/\/shapewall.fi\/","title":{"rendered":"Sivusto"},"content":{"rendered":"<p>[et_pb_section fb_built=&#8221;1&#8243; _builder_version=&#8221;4.20.2&#8243; use_background_color_gradient=&#8221;on&#8221; background_color_gradient_stops=&#8221;rgba(104,104,104,0.23) 0%|rgba(10,10,10,0.4) 100%&#8221; background_color_gradient_overlays_image=&#8221;on&#8221; background_color_gradient_start=&#8221;rgba(104,104,104,0.23)&#8221; background_color_gradient_end=&#8221;rgba(10,10,10,0.4)&#8221; background_image=&#8221;https:\/\/shapewall.fi\/wp-content\/uploads\/2023\/03\/shutterstock_2136288903.jpg&#8221; width=&#8221;80%&#8221; width_tablet=&#8221;100%&#8221; width_phone=&#8221;&#8221; width_last_edited=&#8221;on|tablet&#8221; module_alignment=&#8221;center&#8221; custom_padding=&#8221;78px||68px|||&#8221; hover_enabled=&#8221;0&#8243; global_colors_info=&#8221;{}&#8221; title_text=&#8221;Blue,Waves,Abstract,Background,Texture.,Print,,Painting,,Design,,Fashion.&#8221; sticky_enabled=&#8221;0&#8243;][et_pb_row _builder_version=&#8221;4.20.2&#8243; hover_enabled=&#8221;0&#8243; global_colors_info=&#8221;{}&#8221; sticky_enabled=&#8221;0&#8243;][et_pb_column type=&#8221;4_4&#8243; _builder_version=&#8221;4.16&#8243; global_colors_info=&#8221;{}&#8221;][et_pb_text _builder_version=&#8221;4.20.2&#8243; header_text_color=&#8221;#FFFFFF&#8221; header_font_size=&#8221;53px&#8221; hover_enabled=&#8221;0&#8243; header_font_size_tablet=&#8221;7vw&#8221; header_font_size_phone=&#8221;9vw&#8221; header_font_size_last_edited=&#8221;on|phone&#8221; global_colors_info=&#8221;{}&#8221; sticky_enabled=&#8221;0&#8243;]<\/p>\n<h1 style=\"text-align: center;\">We Shape Your Wall!<\/h1>\n<p>[\/et_pb_text][et_pb_button button_url=&#8221;#yhteys&#8221; button_text=&#8221;Ota yhteytt\u00e4!&#8221; button_alignment=&#8221;center&#8221; _builder_version=&#8221;4.16&#8243; background_layout=&#8221;dark&#8221; global_colors_info=&#8221;{}&#8221;][\/et_pb_button][\/et_pb_column][\/et_pb_row][\/et_pb_section][et_pb_section fb_built=&#8221;1&#8243; module_id=&#8221;palvelut&#8221; _builder_version=&#8221;4.20.2&#8243; background_color=&#8221;#FFFFFF&#8221; width=&#8221;80%&#8221; width_tablet=&#8221;100%&#8221; width_phone=&#8221;&#8221; width_last_edited=&#8221;on|tablet&#8221; module_alignment=&#8221;center&#8221; custom_padding=&#8221;||41px||false|false&#8221; hover_enabled=&#8221;0&#8243; global_colors_info=&#8221;{}&#8221; sticky_enabled=&#8221;0&#8243;][et_pb_row column_structure=&#8221;2_5,3_5&#8243; _builder_version=&#8221;4.16&#8243; width=&#8221;100%&#8221; custom_padding=&#8221;|20px||20px|false|false&#8221; global_colors_info=&#8221;{}&#8221;][et_pb_column type=&#8221;2_5&#8243; _builder_version=&#8221;4.16&#8243; global_colors_info=&#8221;{}&#8221;][et_pb_image src=&#8221;https:\/\/shapewall.fi\/wp-content\/uploads\/2023\/03\/shutterstock_1606541713-scaled.jpg&#8221; alt=&#8221;white ceramic mug on table&#8221; title_text=&#8221;White,Abstract,Wavy,Texture.,Seamless,Modern,Pattern,With,Waves.&#8221; _builder_version=&#8221;4.20.2&#8243; width_tablet=&#8221;46%&#8221; width_phone=&#8221;100%&#8221; width_last_edited=&#8221;on|tablet&#8221; hover_enabled=&#8221;0&#8243; module_alignment_tablet=&#8221;center&#8221; module_alignment_phone=&#8221;&#8221; module_alignment_last_edited=&#8221;on|phone&#8221; global_colors_info=&#8221;{}&#8221; sticky_enabled=&#8221;0&#8243;][\/et_pb_image][\/et_pb_column][et_pb_column type=&#8221;3_5&#8243; _builder_version=&#8221;4.16&#8243; global_colors_info=&#8221;{}&#8221;][et_pb_text _builder_version=&#8221;4.20.2&#8243; hover_enabled=&#8221;0&#8243; global_colors_info=&#8221;{}&#8221; sticky_enabled=&#8221;0&#8243;]<\/p>\n<h2>ShapeWall toteuttaa muotosein\u00e4t joustavasti erilaisiin tarpeisiin!<\/h2>\n<p>[\/et_pb_text][et_pb_text _builder_version=&#8221;4.20.2&#8243; hover_enabled=&#8221;0&#8243; global_colors_info=&#8221;{}&#8221; sticky_enabled=&#8221;0&#8243;]<\/p>\n<p>Shapewall valmistaa muotoseini\u00e4 sis\u00e4- ja ulkok\u00e4ytt\u00f6\u00f6n asiakkaan tarpeiden mukaan. Sein\u00e4elementtien muoto voi olla asiakkaan itsens\u00e4 suunnittelemaa tai voimme k\u00e4ytt\u00e4\u00e4 omia suunnittelun yhteisty\u00f6kumppaneitamme, jotka ovat alan ammattilaisia.<\/p>\n<p><strong>Asiakas voi m\u00e4\u00e4ritell\u00e4 haluamaansa sein\u00e4\u00e4n:<\/strong><\/p>\n<ul>\n<li>pinnanmuodon<\/li>\n<li>koon sivu-, pysty- ja syvyyssuunnassa.<\/li>\n<li>v\u00e4rin<\/li>\n<li>tekniset ominaisuudet, joita ovat mm.: paloturvallisuus, ymp\u00e4rist\u00f6yst\u00e4v\u00e4llisyys, kantavuus, paino, akustiikka, kiinnitysmenetelm\u00e4<\/li>\n<\/ul>\n<p>&nbsp;<\/p>\n<p>R\u00e4\u00e4t\u00e4l\u00f6ityjen sein\u00e4elementtiemme lis\u00e4ksi myymme my\u00f6s seinien valmistuksessa k\u00e4ytett\u00e4v\u00e4\u00e4 alumiinikennolevy\u00e4. Levyjen paksuudet vaihtelevat 4-25mm v\u00e4lill\u00e4.<\/p>\n<p>[\/et_pb_text][et_pb_button button_url=&#8221;#yhteys&#8221; button_text=&#8221;Ota yhteytt\u00e4!&#8221; button_alignment=&#8221;center&#8221; _builder_version=&#8221;4.16&#8243; global_colors_info=&#8221;{}&#8221;][\/et_pb_button][\/et_pb_column][\/et_pb_row][\/et_pb_section][et_pb_section fb_built=&#8221;1&#8243; module_id=&#8221;galleria&#8221; _builder_version=&#8221;4.20.2&#8243; background_color=&#8221;#FFFFFF&#8221; width=&#8221;80%&#8221; width_tablet=&#8221;100%&#8221; width_phone=&#8221;&#8221; width_last_edited=&#8221;on|tablet&#8221; module_alignment=&#8221;center&#8221; custom_margin=&#8221;10px|||||&#8221; custom_padding=&#8221;||28px|||&#8221; hover_enabled=&#8221;0&#8243; global_colors_info=&#8221;{}&#8221; sticky_enabled=&#8221;0&#8243;][et_pb_row _builder_version=&#8221;4.20.2&#8243; width=&#8221;100%&#8221; custom_padding=&#8221;|20px|40px|20px|false|false&#8221; hover_enabled=&#8221;0&#8243; global_colors_info=&#8221;{}&#8221; sticky_enabled=&#8221;0&#8243;][et_pb_column type=&#8221;4_4&#8243; _builder_version=&#8221;4.16&#8243; global_colors_info=&#8221;{}&#8221;][et_pb_text _builder_version=&#8221;4.20.2&#8243; hover_enabled=&#8221;0&#8243; global_colors_info=&#8221;{}&#8221; sticky_enabled=&#8221;0&#8243;]<\/p>\n<h2 style=\"text-align: center;\">Kuvagalleria<\/h2>\n<p>[\/et_pb_text][et_pb_gallery _builder_version=&#8221;4.20.2&#8243; _module_preset=&#8221;default&#8221; gallery_ids=&#8221;125,123,122&#8243; show_title_and_caption=&#8221;off&#8221; hover_enabled=&#8221;0&#8243; sticky_enabled=&#8221;0&#8243;][\/et_pb_gallery][\/et_pb_column][\/et_pb_row][\/et_pb_section][et_pb_section fb_built=&#8221;1&#8243; module_id=&#8221;yritys&#8221; _builder_version=&#8221;4.20.2&#8243; background_color=&#8221;#FFFFFF&#8221; width=&#8221;80%&#8221; width_tablet=&#8221;100%&#8221; width_phone=&#8221;&#8221; width_last_edited=&#8221;on|tablet&#8221; module_alignment=&#8221;center&#8221; custom_margin=&#8221;10px|||||&#8221; custom_padding=&#8221;||28px|||&#8221; hover_enabled=&#8221;0&#8243; global_colors_info=&#8221;{}&#8221; sticky_enabled=&#8221;0&#8243;][et_pb_row column_structure=&#8221;3_5,2_5&#8243; _builder_version=&#8221;4.16&#8243; width=&#8221;100%&#8221; custom_padding=&#8221;|20px|40px|20px|false|false&#8221; global_colors_info=&#8221;{}&#8221;][et_pb_column type=&#8221;3_5&#8243; _builder_version=&#8221;4.16&#8243; global_colors_info=&#8221;{}&#8221;][et_pb_text _builder_version=&#8221;4.20.2&#8243; hover_enabled=&#8221;0&#8243; global_colors_info=&#8221;{}&#8221; sticky_enabled=&#8221;0&#8243;]<\/p>\n<h2>Tarjoamme laadukkaat elementtituotteet sek\u00e4 sis\u00e4-, ett\u00e4 ulkok\u00e4ytt\u00f6\u00f6n\u00a0<\/h2>\n<p>[\/et_pb_text][et_pb_text _builder_version=&#8221;4.20.2&#8243; hover_enabled=&#8221;0&#8243; global_colors_info=&#8221;{}&#8221; sticky_enabled=&#8221;0&#8243;]<\/p>\n<p>Olemme erilaisten valmistustekniikoiden parissa ty\u00f6uramme tehnyt kaksikko. Erityisosaamisemme painottuu muottien valmistuksen alueelle ja yhteinen intressimme syntyi keskusteluista rakentamiseen, rakentamisen elementteihin ja nykyaikaisiin ratkaisuihin liittyen. Jaamme kiinnostuksen ajatusten ja sen my\u00f6t\u00e4 my\u00f6s konkreettisten tuotteiden kehitt\u00e4miseen ja yhteisty\u00f6mme tuloksena on syntynyt elementtituote, jota voidaan hy\u00f6dynt\u00e4\u00e4 rakentamisessa niin sis\u00e4- kuin ulkotiloissakin. Tavoitteemme on ollut kehitt\u00e4\u00e4 tuote, joka on teknisesti toimiva, ymp\u00e4rist\u00f6yst\u00e4v\u00e4llinen ja n\u00e4ytt\u00e4v\u00e4 sek\u00e4 tilaajan tarpeisiin mukautuva ja my\u00f6s muotoilullisesti moderni ja edustava.<\/p>\n<p>[\/et_pb_text][\/et_pb_column][et_pb_column type=&#8221;2_5&#8243; _builder_version=&#8221;4.16&#8243; global_colors_info=&#8221;{}&#8221;][et_pb_image src=&#8221;https:\/\/shapewall.fi\/wp-content\/uploads\/2023\/03\/Shape-Wall-levea.png&#8221; _builder_version=&#8221;4.20.2&#8243; _module_preset=&#8221;default&#8221; title_text=&#8221;Shape Wall levea&#8221; hover_enabled=&#8221;0&#8243; sticky_enabled=&#8221;0&#8243; module_id=&#8221;yhteys&#8221;][\/et_pb_image][et_pb_text module_id=&#8221;yhteys&#8221; _builder_version=&#8221;4.16&#8243; global_colors_info=&#8221;{}&#8221;]<\/p>\n<h2 style=\"text-align: left;\">Ota yhteytt\u00e4<\/h2>\n<p>[\/et_pb_text][et_pb_text _builder_version=&#8221;4.20.2&#8243; text_text_color=&#8221;gcid-a65e81dd-ee04-4afb-90ac-9255e8a7c316&#8243; text_font_size=&#8221;17px&#8221; text_line_height=&#8221;1.8em&#8221; link_text_color=&#8221;gcid-a65e81dd-ee04-4afb-90ac-9255e8a7c316&#8243; hover_enabled=&#8221;0&#8243; global_colors_info=&#8221;{%22gcid-a65e81dd-ee04-4afb-90ac-9255e8a7c316%22:%91%22text_text_color%22,%22link_text_color%22%93}&#8221; sticky_enabled=&#8221;0&#8243;]<\/p>\n<p><strong>Jani Rapinoja \/ myynti<\/strong><br \/><strong><a href=\"mailto:jani.rapinoja@shapewall.fi\">jani.rapinoja@shapewall.fi<\/a><\/strong><br \/><a href=\"tel:+358403547667\"><strong>+358403547667<\/strong><\/a><\/p>\n<p>[\/et_pb_text][et_pb_text _builder_version=&#8221;4.20.2&#8243; text_text_color=&#8221;gcid-a65e81dd-ee04-4afb-90ac-9255e8a7c316&#8243; text_font_size=&#8221;17px&#8221; text_line_height=&#8221;1.8em&#8221; link_text_color=&#8221;gcid-a65e81dd-ee04-4afb-90ac-9255e8a7c316&#8243; hover_enabled=&#8221;0&#8243; global_colors_info=&#8221;{%22gcid-a65e81dd-ee04-4afb-90ac-9255e8a7c316%22:%91%22text_text_color%22,%22link_text_color%22%93}&#8221; sticky_enabled=&#8221;0&#8243;]<\/p>\n<p><strong>Pekka Ter\u00e4nt\u00f6<br \/><a href=\"mailto:pekka.teranto@shapewall.fi\">pekka.teranto@shapewall.fi<\/a><br \/><\/strong><a href=\"tel:+358503721536\"><b>+358503721536<\/b><\/a><\/p>\n<p>[\/et_pb_text][\/et_pb_column][\/et_pb_row][et_pb_row column_structure=&#8221;1_5,3_5,1_5&#8243; _builder_version=&#8221;4.16&#8243; width=&#8221;100%&#8221; max_width=&#8221;2560px&#8221; custom_padding=&#8221;0px|20px||20px|false|false&#8221; global_colors_info=&#8221;{}&#8221;][et_pb_column type=&#8221;1_5&#8243; _builder_version=&#8221;4.16&#8243; global_colors_info=&#8221;{}&#8221;][\/et_pb_column][et_pb_column type=&#8221;3_5&#8243; _builder_version=&#8221;4.16&#8243; border_radii=&#8221;on|11px|11px|11px|11px&#8221; border_width_all=&#8221;1px&#8221; border_color_all=&#8221;gcid-a65e81dd-ee04-4afb-90ac-9255e8a7c316&#8243; box_shadow_style=&#8221;preset1&#8243; box_shadow_blur=&#8221;10px&#8221; global_colors_info=&#8221;{%22gcid-a65e81dd-ee04-4afb-90ac-9255e8a7c316%22:%91%22border_color_all%22%93}&#8221;][et_pb_contact_form captcha=&#8221;off&#8221; custom_message=&#8221;Uusi yhteydenotto nettisivuilta||et_pb_line_break_holder||||et_pb_line_break_holder||Nimi: %%Name%%||et_pb_line_break_holder||Puhelin: %%puh%%||et_pb_line_break_holder||S\u00e4hk\u00f6posti: %%Email%%||et_pb_line_break_holder||||et_pb_line_break_holder||Viesti:||et_pb_line_break_holder||%%Message%%&#8221; _builder_version=&#8221;4.20.2&#8243; _unique_id=&#8221;fdfdf684-d5e3-4d10-9399-733a380a39bb&#8221; form_field_background_color=&#8221;#f4f4f4&#8243; form_field_text_color=&#8221;#000000&#8243; custom_padding=&#8221;40px|20px|20px|20px|false|false&#8221; hover_enabled=&#8221;0&#8243; border_width_all=&#8221;1px&#8221; border_color_all=&#8221;gcid-a65e81dd-ee04-4afb-90ac-9255e8a7c316&#8243; global_module=&#8221;113&#8243; saved_tabs=&#8221;all&#8221; global_colors_info=&#8221;{%22gcid-a65e81dd-ee04-4afb-90ac-9255e8a7c316%22:%91%22border_color_all%22%93}&#8221; email=&#8221;jani.rapinoja@shapewall.fi&#8221; sticky_enabled=&#8221;0&#8243;][et_pb_contact_field field_id=&#8221;Name&#8221; field_title=&#8221;Nimi&#8221; fullwidth_field=&#8221;on&#8221; _builder_version=&#8221;4.16&#8243; global_colors_info=&#8221;{}&#8221; button_text_size__hover_enabled=&#8221;off&#8221; button_one_text_size__hover_enabled=&#8221;off&#8221; button_two_text_size__hover_enabled=&#8221;off&#8221; button_text_color__hover_enabled=&#8221;off&#8221; button_one_text_color__hover_enabled=&#8221;off&#8221; button_two_text_color__hover_enabled=&#8221;off&#8221; button_border_width__hover_enabled=&#8221;off&#8221; button_one_border_width__hover_enabled=&#8221;off&#8221; button_two_border_width__hover_enabled=&#8221;off&#8221; button_border_color__hover_enabled=&#8221;off&#8221; button_one_border_color__hover_enabled=&#8221;off&#8221; button_two_border_color__hover_enabled=&#8221;off&#8221; button_border_radius__hover_enabled=&#8221;off&#8221; button_one_border_radius__hover_enabled=&#8221;off&#8221; button_two_border_radius__hover_enabled=&#8221;off&#8221; button_letter_spacing__hover_enabled=&#8221;off&#8221; button_one_letter_spacing__hover_enabled=&#8221;off&#8221; button_two_letter_spacing__hover_enabled=&#8221;off&#8221; button_bg_color__hover_enabled=&#8221;off&#8221; button_one_bg_color__hover_enabled=&#8221;off&#8221; button_two_bg_color__hover_enabled=&#8221;off&#8221;][\/et_pb_contact_field][et_pb_contact_field field_id=&#8221;puh&#8221; field_title=&#8221;Puhelinnumero&#8221; fullwidth_field=&#8221;on&#8221; _builder_version=&#8221;4.16&#8243; global_colors_info=&#8221;{}&#8221;][\/et_pb_contact_field][et_pb_contact_field field_id=&#8221;Email&#8221; field_title=&#8221;S\u00e4hk\u00f6postiosoite&#8221; field_type=&#8221;email&#8221; fullwidth_field=&#8221;on&#8221; _builder_version=&#8221;4.16&#8243; global_colors_info=&#8221;{}&#8221; button_text_size__hover_enabled=&#8221;off&#8221; button_one_text_size__hover_enabled=&#8221;off&#8221; button_two_text_size__hover_enabled=&#8221;off&#8221; button_text_color__hover_enabled=&#8221;off&#8221; button_one_text_color__hover_enabled=&#8221;off&#8221; button_two_text_color__hover_enabled=&#8221;off&#8221; button_border_width__hover_enabled=&#8221;off&#8221; button_one_border_width__hover_enabled=&#8221;off&#8221; button_two_border_width__hover_enabled=&#8221;off&#8221; button_border_color__hover_enabled=&#8221;off&#8221; button_one_border_color__hover_enabled=&#8221;off&#8221; button_two_border_color__hover_enabled=&#8221;off&#8221; button_border_radius__hover_enabled=&#8221;off&#8221; button_one_border_radius__hover_enabled=&#8221;off&#8221; button_two_border_radius__hover_enabled=&#8221;off&#8221; button_letter_spacing__hover_enabled=&#8221;off&#8221; button_one_letter_spacing__hover_enabled=&#8221;off&#8221; button_two_letter_spacing__hover_enabled=&#8221;off&#8221; button_bg_color__hover_enabled=&#8221;off&#8221; button_one_bg_color__hover_enabled=&#8221;off&#8221; button_two_bg_color__hover_enabled=&#8221;off&#8221;][\/et_pb_contact_field][et_pb_contact_field field_id=&#8221;Message&#8221; field_title=&#8221;S\u00e4hk\u00f6postiviesti&#8221; field_type=&#8221;text&#8221; fullwidth_field=&#8221;on&#8221; _builder_version=&#8221;4.16&#8243; global_colors_info=&#8221;{}&#8221; button_text_size__hover_enabled=&#8221;off&#8221; button_one_text_size__hover_enabled=&#8221;off&#8221; button_two_text_size__hover_enabled=&#8221;off&#8221; button_text_color__hover_enabled=&#8221;off&#8221; button_one_text_color__hover_enabled=&#8221;off&#8221; button_two_text_color__hover_enabled=&#8221;off&#8221; button_border_width__hover_enabled=&#8221;off&#8221; button_one_border_width__hover_enabled=&#8221;off&#8221; button_two_border_width__hover_enabled=&#8221;off&#8221; button_border_color__hover_enabled=&#8221;off&#8221; button_one_border_color__hover_enabled=&#8221;off&#8221; button_two_border_color__hover_enabled=&#8221;off&#8221; button_border_radius__hover_enabled=&#8221;off&#8221; button_one_border_radius__hover_enabled=&#8221;off&#8221; button_two_border_radius__hover_enabled=&#8221;off&#8221; button_letter_spacing__hover_enabled=&#8221;off&#8221; button_one_letter_spacing__hover_enabled=&#8221;off&#8221; button_two_letter_spacing__hover_enabled=&#8221;off&#8221; button_bg_color__hover_enabled=&#8221;off&#8221; button_one_bg_color__hover_enabled=&#8221;off&#8221; button_two_bg_color__hover_enabled=&#8221;off&#8221;][\/et_pb_contact_field][\/et_pb_contact_form][\/et_pb_column][et_pb_column type=&#8221;1_5&#8243; _builder_version=&#8221;4.16&#8243; global_colors_info=&#8221;{}&#8221;][\/et_pb_column][\/et_pb_row][\/et_pb_section]<\/p>\n","protected":false},"excerpt":{"rendered":"<p>We Shape Your Wall!ShapeWall toteuttaa muotosein\u00e4t joustavasti erilaisiin tarpeisiin!Shapewall valmistaa muotoseini\u00e4 sis\u00e4- ja ulkok\u00e4ytt\u00f6\u00f6n asiakkaan tarpeiden mukaan. Sein\u00e4elementtien muoto voi olla asiakkaan itsens\u00e4 suunnittelemaa tai voimme k\u00e4ytt\u00e4\u00e4 omia suunnittelun yhteisty\u00f6kumppaneitamme, jotka ovat alan ammattilaisia. Asiakas voi m\u00e4\u00e4ritell\u00e4 haluamaansa sein\u00e4\u00e4n: pinnanmuodon koon sivu-, pysty- ja syvyyssuunnassa. v\u00e4rin tekniset ominaisuudet, joita ovat mm.: paloturvallisuus, ymp\u00e4rist\u00f6yst\u00e4v\u00e4llisyys, kantavuus, paino, [&hellip;]<\/p>\n","protected":false},"author":2,"featured_media":0,"parent":0,"menu_order":0,"comment_status":"closed","ping_status":"closed","template":"","meta":{"_et_pb_use_builder":"on","_et_pb_old_content":"","_et_gb_content_width":"","footnotes":""},"class_list":["post-6","page","type-page","status-publish","hentry"],"_links":{"self":[{"href":"https:\/\/shapewall.fi\/index.php?rest_route=\/wp\/v2\/pages\/6","targetHints":{"allow":["GET"]}}],"collection":[{"href":"https:\/\/shapewall.fi\/index.php?rest_route=\/wp\/v2\/pages"}],"about":[{"href":"https:\/\/shapewall.fi\/index.php?rest_route=\/wp\/v2\/types\/page"}],"author":[{"embeddable":true,"href":"https:\/\/shapewall.fi\/index.php?rest_route=\/wp\/v2\/users\/2"}],"replies":[{"embeddable":true,"href":"https:\/\/shapewall.fi\/index.php?rest_route=%2Fwp%2Fv2%2Fcomments&post=6"}],"version-history":[{"count":31,"href":"https:\/\/shapewall.fi\/index.php?rest_route=\/wp\/v2\/pages\/6\/revisions"}],"predecessor-version":[{"id":133,"href":"https:\/\/shapewall.fi\/index.php?rest_route=\/wp\/v2\/pages\/6\/revisions\/133"}],"wp:attachment":[{"href":"https:\/\/shapewall.fi\/index.php?rest_route=%2Fwp%2Fv2%2Fmedia&parent=6"}],"curies":[{"name":"wp","href":"https:\/\/api.w.org\/{rel}","templated":true}]}}